{"id":1774,"date":"2015-01-29T13:53:33","date_gmt":"2015-01-29T13:53:33","guid":{"rendered":"https:\/\/kes.kubota-eu.com\/agriculture\/es\/home\/"},"modified":"2020-11-20T16:45:16","modified_gmt":"2020-11-20T16:45:16","slug":"inicio","status":"publish","type":"page","link":"https:\/\/kes.kubota-eu.com\/agriculture\/","title":{"rendered":"Inicio"},"content":{"rendered":"<p>Lo \u00faltimo en agricultura de precisi\u00f3n y maquinaria agr\u00edcola KUBOTA. Tractores, implementos y m\u00e1s. Conoce nuestra garant\u00eda de hasta 5 a\u00f1os y calidad KUBOTA.<br \/>\n<code>!function(c,h,i,m,p){m=c.createElement(h),p=c.getElementsByTagName(h)[0],m.async=1,m.src=i,p.parentNode.insertBefore(m,p)}(document,\"script\",\"https:\/\/chimpstatic.com\/mcjs-connected\/js\/users\/e48730fc4c5a39a0a3e4a8025\/57b446002abda303009662a06.js\");<\/code><\/p>\n","protected":false},"excerpt":{"rendered":"<p>Lo \u00faltimo en agricultura de precisi\u00f3n y maquinaria agr\u00edcola KUBOTA. Tractores, implementos y m\u00e1s. Conoce nuestra garant\u00eda de hasta 5 a\u00f1os y calidad KUBOTA. !function(c,h,i,m,p){m=c.createElement(h),p=c.getElementsByTagName(h)[0],m.async=1,m.src=i,p.parentNode.insertBefore(m,p)}(document,\u00bbscript\u00bb,\u00bbhttps:\/\/chimpstatic.com\/mcjs-connected\/js\/users\/e48730fc4c5a39a0a3e4a8025\/57b446002abda303009662a06.js\u00bb);<\/p>\n","protected":false},"author":1,"featured_media":0,"parent":0,"menu_order":0,"comment_status":"open","ping_status":"open","template":"page-templates\/template-range-home.php","meta":{"footnotes":""},"class_list":["post-1774","page","type-page","status-publish","hentry"],"acf":[],"publishpress_future_action":{"enabled":false,"date":"2026-04-13 04:05:15","action":"draft","terms":[],"taxonomy":"translation_priority"},"_links":{"self":[{"href":"https:\/\/kes.kubota-eu.com\/agriculture\/wp-json\/wp\/v2\/pages\/1774","targetHints":{"allow":["GET"]}}],"collection":[{"href":"https:\/\/kes.kubota-eu.com\/agriculture\/wp-json\/wp\/v2\/pages"}],"about":[{"href":"https:\/\/kes.kubota-eu.com\/agriculture\/wp-json\/wp\/v2\/types\/page"}],"author":[{"embeddable":true,"href":"https:\/\/kes.kubota-eu.com\/agriculture\/wp-json\/wp\/v2\/users\/1"}],"replies":[{"embeddable":true,"href":"https:\/\/kes.kubota-eu.com\/agriculture\/wp-json\/wp\/v2\/comments?post=1774"}],"version-history":[{"count":14,"href":"https:\/\/kes.kubota-eu.com\/agriculture\/wp-json\/wp\/v2\/pages\/1774\/revisions"}],"predecessor-version":[{"id":5790,"href":"https:\/\/kes.kubota-eu.com\/agriculture\/wp-json\/wp\/v2\/pages\/1774\/revisions\/5790"}],"wp:attachment":[{"href":"https:\/\/kes.kubota-eu.com\/agriculture\/wp-json\/wp\/v2\/media?parent=1774"}],"curies":[{"name":"wp","href":"https:\/\/api.w.org\/{rel}","templated":true}]}}