{"id":8332,"date":"2024-08-20T08:01:19","date_gmt":"2024-08-20T08:01:19","guid":{"rendered":"https:\/\/kes.kubota-eu.com\/agriculture\/?page_id=8332"},"modified":"2025-09-23T07:26:50","modified_gmt":"2025-09-23T07:26:50","slug":"maquinas-en-oferta","status":"publish","type":"page","link":"https:\/\/kes.kubota-eu.com\/agriculture\/maquinas-en-oferta\/","title":{"rendered":"M\u00e1quinas en oferta"},"content":{"rendered":"<section class=\"wpb-content-wrapper\"><p>[vc_row css=\u00bb.vc_custom_1724133768078{margin-right: 5% !important;margin-left: 5% !important;}\u00bb][vc_column width=\u00bb1\/3&#8243;][vc_images_carousel images=\u00bb8424,8426,8428,8430,8432,8434,8436&#8243; img_size=\u00bbfull\u00bb hide_pagination_control=\u00bbyes\u00bb wrap=\u00bbyes\u00bb css=\u00bb.vc_custom_1725267543748{margin-top: 0px !important;margin-bottom: 0px !important;border-top-width: 0px !important;padding-top: 0px !important;padding-bottom: 0px !important;}\u00bb][vc_column_text css=\u00bb.vc_custom_1725441113281{margin-top: 0px !important;margin-bottom: 0px !important;border-top-width: 0px !important;border-bottom-width: 0px !important;padding-top: 0px !important;padding-bottom: 5px !important;}\u00bb]<span style=\"color: #ff6600;font-size: 17px\"><strong>CD2301<\/strong><\/span><br \/>\n<span style=\"color: #000000\"><em>Grada r\u00e1pida profesional 3,0m de ancho de trabajo, discos de \u00f8600, rodillo Doble Jaula<\/em><\/span><br \/>\n<span style=\"color: #000000\"><strong>Fabricaci\u00f3n a\u00f1o 2022<\/strong><\/span><br \/>\n<span style=\"color: #000000\"><em>Estrenada Demoagro y demos locales<\/em><\/span><br \/>\n<span style=\"color: #000000\"><strong>Precio de Oferta Especial:<\/strong><\/span><br \/>\n<span style=\"color: #ff0000\"><strong>15.100\u20ac + IVA (Inc. Rod.Dbl.Jaula).<\/strong><\/span>[\/vc_column_text][vc_tta_accordion title_tag=\u00bbp\u00bb section_title_tag=\u00bbp\u00bb shape=\u00bbsquare\u00bb active_section=\u00bb0&#8243;][vc_tta_section title=\u00bb<strong>M\u00e1s detalles<\/strong>\u00bb tab_id=\u00bb1724136260313-c33968c7-6144&#8243;][vc_column_text]<\/p>\n<ul>\n<li><span style=\"color: #000000\">Robusta y ligera para trabajar a poca profundidad y gran velocidad (20km\/h max).<\/span><\/li>\n<li><span style=\"color: #000000\">Discos de acero templado (58HRC) protegidos individualmente por sistema de tetrasilenblocs.<\/span><\/li>\n<li><span style=\"color: #000000\">F\u00e1cil sustituci\u00f3n de los cojinetes de los discos. Sin engrasador.<\/span><\/li>\n<li><span style=\"color: #000000\">Dos hileras de discos de solape ajustable y profundidad de trabajo controlada hidr\u00e1ulicamente mediante el rodillo trasero (imprescindible).<\/span><\/li>\n<li><span style=\"color: #000000\">Discos c\u00f3nicos de 6mm de espesor, di\u00e1metro (\u00d8600mm).<\/span><br \/>\n<span style=\"color: #000000\"><img decoding=\"async\" class=\"alignnone size-full wp-image-8422\" src=\"https:\/\/kes.kubota-eu.com\/agriculture\/wp-content\/uploads\/sites\/2\/2024\/09\/Maq.-Oferta-Kubota-Grada-Rapida-4-Discs-scaled.jpeg\" alt=\"\" width=\"2560\" height=\"1920\" srcset=\"https:\/\/kes.kubota-eu.com\/agriculture\/wp-content\/uploads\/sites\/2\/2024\/09\/Maq.-Oferta-Kubota-Grada-Rapida-4-Discs-scaled.jpeg 2560w, https:\/\/kes.kubota-eu.com\/agriculture\/wp-content\/uploads\/sites\/2\/2024\/09\/Maq.-Oferta-Kubota-Grada-Rapida-4-Discs-300x225.jpeg 300w, https:\/\/kes.kubota-eu.com\/agriculture\/wp-content\/uploads\/sites\/2\/2024\/09\/Maq.-Oferta-Kubota-Grada-Rapida-4-Discs-1024x768.jpeg 1024w, https:\/\/kes.kubota-eu.com\/agriculture\/wp-content\/uploads\/sites\/2\/2024\/09\/Maq.-Oferta-Kubota-Grada-Rapida-4-Discs-768x576.jpeg 768w, https:\/\/kes.kubota-eu.com\/agriculture\/wp-content\/uploads\/sites\/2\/2024\/09\/Maq.-Oferta-Kubota-Grada-Rapida-4-Discs-1536x1152.jpeg 1536w, https:\/\/kes.kubota-eu.com\/agriculture\/wp-content\/uploads\/sites\/2\/2024\/09\/Maq.-Oferta-Kubota-Grada-Rapida-4-Discs-2048x1536.jpeg 2048w, https:\/\/kes.kubota-eu.com\/agriculture\/wp-content\/uploads\/sites\/2\/2024\/09\/Maq.-Oferta-Kubota-Grada-Rapida-4-Discs-260x195.jpeg 260w, https:\/\/kes.kubota-eu.com\/agriculture\/wp-content\/uploads\/sites\/2\/2024\/09\/Maq.-Oferta-Kubota-Grada-Rapida-4-Discs-218x164.jpeg 218w, https:\/\/kes.kubota-eu.com\/agriculture\/wp-content\/uploads\/sites\/2\/2024\/09\/Maq.-Oferta-Kubota-Grada-Rapida-4-Discs-1920x1440.jpeg 1920w, https:\/\/kes.kubota-eu.com\/agriculture\/wp-content\/uploads\/sites\/2\/2024\/09\/Maq.-Oferta-Kubota-Grada-Rapida-4-Discs-600x450.jpeg 600w, https:\/\/kes.kubota-eu.com\/agriculture\/wp-content\/uploads\/sites\/2\/2024\/09\/Maq.-Oferta-Kubota-Grada-Rapida-4-Discs-223x167.jpeg 223w, https:\/\/kes.kubota-eu.com\/agriculture\/wp-content\/uploads\/sites\/2\/2024\/09\/Maq.-Oferta-Kubota-Grada-Rapida-4-Discs-100x75.jpeg 100w, https:\/\/kes.kubota-eu.com\/agriculture\/wp-content\/uploads\/sites\/2\/2024\/09\/Maq.-Oferta-Kubota-Grada-Rapida-4-Discs-264x198.jpeg 264w, https:\/\/kes.kubota-eu.com\/agriculture\/wp-content\/uploads\/sites\/2\/2024\/09\/Maq.-Oferta-Kubota-Grada-Rapida-4-Discs-333x250.jpeg 333w, https:\/\/kes.kubota-eu.com\/agriculture\/wp-content\/uploads\/sites\/2\/2024\/09\/Maq.-Oferta-Kubota-Grada-Rapida-4-Discs-373x280.jpeg 373w, https:\/\/kes.kubota-eu.com\/agriculture\/wp-content\/uploads\/sites\/2\/2024\/09\/Maq.-Oferta-Kubota-Grada-Rapida-4-Discs-747x560.jpeg 747w, https:\/\/kes.kubota-eu.com\/agriculture\/wp-content\/uploads\/sites\/2\/2024\/09\/Maq.-Oferta-Kubota-Grada-Rapida-4-Discs-240x180.jpeg 240w, https:\/\/kes.kubota-eu.com\/agriculture\/wp-content\/uploads\/sites\/2\/2024\/09\/Maq.-Oferta-Kubota-Grada-Rapida-4-Discs-480x360.jpeg 480w, https:\/\/kes.kubota-eu.com\/agriculture\/wp-content\/uploads\/sites\/2\/2024\/09\/Maq.-Oferta-Kubota-Grada-Rapida-4-Discs-24x18.jpeg 24w, https:\/\/kes.kubota-eu.com\/agriculture\/wp-content\/uploads\/sites\/2\/2024\/09\/Maq.-Oferta-Kubota-Grada-Rapida-4-Discs-36x27.jpeg 36w, https:\/\/kes.kubota-eu.com\/agriculture\/wp-content\/uploads\/sites\/2\/2024\/09\/Maq.-Oferta-Kubota-Grada-Rapida-4-Discs-48x36.jpeg 48w\" sizes=\"(max-width: 2560px) 100vw, 2560px\" \/><\/span><\/li>\n<li><span style=\"color: #000000\">M\u00e1xima profundidad de trabajo 15 cm. Y m\u00ednimo bien trabajado 3cm.<\/span><\/li>\n<li><span style=\"color: #000000\">Potencia m\u00e1xima aplicable: 200cv.<\/span><\/li>\n<li><span style=\"color: #000000\">Incluyen rastra niveladora intermedia y deflectores laterales.<\/span><\/li>\n<li><span style=\"color: #000000\">Oferta limitada al n\u00famero de serie: VPUDHAA13NG600202<\/span><\/li>\n<li><span style=\"color: #000000\">Oferta disponible s\u00f3lo para Espa\u00f1a.<\/span><\/li>\n<li><span style=\"color: #000000\">La transacci\u00f3n de venta se realizar\u00e1 a trav\u00e9s del distribuidor Kubota en Espa\u00f1a<\/span><\/li>\n<\/ul>\n<p><span style=\"color: #000000\"><em>***Las im\u00e1genes son meramente ilustrativas y pueden mostrar accesorios no incluidos en la m\u00e1quina***<\/em><\/span>[\/vc_column_text][\/vc_tta_section][\/vc_tta_accordion][vc_column_text]<a href=\"https:\/\/kes.kubota-eu.com\/agriculture\/implementos\/cd2001\/\"><span style=\"border: 1px solid #EF7B12;color: #ef7b12;padding: 7px;font-size: 14px\"><strong>+ Informaci\u00f3n en p\u00e1gina web<\/strong><\/span><\/a>[\/vc_column_text][vc_column_text]<a href=\"#contact-custom-form\"><span style=\"border: 1px solid #EF7B12;color: #ffffff;padding: 7px;background-color: #ef7b12;font-size: 14px\"><strong>Comprar ahora &gt;<\/strong><\/span><\/a>[\/vc_column_text][\/vc_column][vc_column width=\u00bb1\/3&#8243;][vc_images_carousel images=\u00bb8508,8506,8504,8502&#8243; img_size=\u00bbfull\u00bb hide_pagination_control=\u00bbyes\u00bb wrap=\u00bbyes\u00bb css=\u00bb.vc_custom_1725352609784{margin-top: 0px !important;margin-bottom: 0px !important;border-top-width: 0px !important;padding-top: 0px !important;padding-bottom: 0px !important;}\u00bb][vc_column_text css=\u00bb.vc_custom_1726234993326{margin-top: 0px !important;margin-bottom: 0px !important;border-top-width: 0px !important;border-bottom-width: 0px !important;padding-top: 0px !important;padding-bottom: 5px !important;}\u00bb]<span style=\"color: #ff6600;font-size: 17px\"><strong>CD1301<\/strong><\/span><br \/>\n<span style=\"color: #000000\"><em>Grada r\u00e1pida ligera 3,0m de ancho de trabajo. Rodillo Jaula. Ajuste hidr\u00e1ulico profundidad de trabajo.<\/em><\/span><br \/>\n<span style=\"color: #000000\"><strong>Fabricaci\u00f3n a\u00f1o 2022<\/strong><\/span><br \/>\n<span style=\"color: #000000\"><em>Totalmente NUEVA<\/em><\/span><br \/>\n<span style=\"color: #000000\"><strong>Precio de Oferta Especial:<\/strong><\/span><br \/>\n<span style=\"color: #ff0000\"><strong>12.000\u20ac + IVA (Inc. Rod.Jaula \u00f8550).<\/strong><\/span>[\/vc_column_text][vc_tta_accordion title_tag=\u00bbp\u00bb section_title_tag=\u00bbp\u00bb shape=\u00bbsquare\u00bb active_section=\u00bb0&#8243;][vc_tta_section title=\u00bb<strong>M\u00e1s detalles<\/strong>\u00bb tab_id=\u00bb1744270468880-d8618e91-1e50&#8243;][vc_column_text]<\/p>\n<ul>\n<li><span style=\"color: #000000\">Ligera y fiable para trabajar a poca profundidad y gran velocidad (15km\/h m\u00e1x.).<\/span><\/li>\n<li><span style=\"color: #000000\">Discos c\u00f3nicos de \u00f8520 con 5mm de espesor.<\/span><\/li>\n<li><span style=\"color: #000000\">Discos de acero templado (58HRC) protegidos individualmente por sistema de tetrasilenblocs, con brazos individuales.<\/span><br \/>\n<span style=\"color: #000000\"><img decoding=\"async\" class=\"alignnone wp-image-8466\" src=\"https:\/\/kes.kubota-eu.com\/agriculture\/wp-content\/uploads\/sites\/2\/2024\/09\/CD1001-VPUDHAA14NGP00298-4-scaled.jpg\" alt=\"\" width=\"427\" height=\"758\" srcset=\"https:\/\/kes.kubota-eu.com\/agriculture\/wp-content\/uploads\/sites\/2\/2024\/09\/CD1001-VPUDHAA14NGP00298-4-scaled.jpg 1441w, https:\/\/kes.kubota-eu.com\/agriculture\/wp-content\/uploads\/sites\/2\/2024\/09\/CD1001-VPUDHAA14NGP00298-4-169x300.jpg 169w, https:\/\/kes.kubota-eu.com\/agriculture\/wp-content\/uploads\/sites\/2\/2024\/09\/CD1001-VPUDHAA14NGP00298-4-577x1024.jpg 577w, https:\/\/kes.kubota-eu.com\/agriculture\/wp-content\/uploads\/sites\/2\/2024\/09\/CD1001-VPUDHAA14NGP00298-4-768x1364.jpg 768w, https:\/\/kes.kubota-eu.com\/agriculture\/wp-content\/uploads\/sites\/2\/2024\/09\/CD1001-VPUDHAA14NGP00298-4-865x1536.jpg 865w, https:\/\/kes.kubota-eu.com\/agriculture\/wp-content\/uploads\/sites\/2\/2024\/09\/CD1001-VPUDHAA14NGP00298-4-1153x2048.jpg 1153w, https:\/\/kes.kubota-eu.com\/agriculture\/wp-content\/uploads\/sites\/2\/2024\/09\/CD1001-VPUDHAA14NGP00298-4-105x187.jpg 105w, https:\/\/kes.kubota-eu.com\/agriculture\/wp-content\/uploads\/sites\/2\/2024\/09\/CD1001-VPUDHAA14NGP00298-4-1081x1920.jpg 1081w, https:\/\/kes.kubota-eu.com\/agriculture\/wp-content\/uploads\/sites\/2\/2024\/09\/CD1001-VPUDHAA14NGP00298-4-338x600.jpg 338w, https:\/\/kes.kubota-eu.com\/agriculture\/wp-content\/uploads\/sites\/2\/2024\/09\/CD1001-VPUDHAA14NGP00298-4-94x167.jpg 94w, https:\/\/kes.kubota-eu.com\/agriculture\/wp-content\/uploads\/sites\/2\/2024\/09\/CD1001-VPUDHAA14NGP00298-4-42x75.jpg 42w, https:\/\/kes.kubota-eu.com\/agriculture\/wp-content\/uploads\/sites\/2\/2024\/09\/CD1001-VPUDHAA14NGP00298-4-111x198.jpg 111w, https:\/\/kes.kubota-eu.com\/agriculture\/wp-content\/uploads\/sites\/2\/2024\/09\/CD1001-VPUDHAA14NGP00298-4-166x295.jpg 166w, https:\/\/kes.kubota-eu.com\/agriculture\/wp-content\/uploads\/sites\/2\/2024\/09\/CD1001-VPUDHAA14NGP00298-4-432x768.jpg 432w, https:\/\/kes.kubota-eu.com\/agriculture\/wp-content\/uploads\/sites\/2\/2024\/09\/CD1001-VPUDHAA14NGP00298-4-158x280.jpg 158w, https:\/\/kes.kubota-eu.com\/agriculture\/wp-content\/uploads\/sites\/2\/2024\/09\/CD1001-VPUDHAA14NGP00298-4-315x560.jpg 315w, https:\/\/kes.kubota-eu.com\/agriculture\/wp-content\/uploads\/sites\/2\/2024\/09\/CD1001-VPUDHAA14NGP00298-4-101x180.jpg 101w, https:\/\/kes.kubota-eu.com\/agriculture\/wp-content\/uploads\/sites\/2\/2024\/09\/CD1001-VPUDHAA14NGP00298-4-203x360.jpg 203w, https:\/\/kes.kubota-eu.com\/agriculture\/wp-content\/uploads\/sites\/2\/2024\/09\/CD1001-VPUDHAA14NGP00298-4-14x24.jpg 14w, https:\/\/kes.kubota-eu.com\/agriculture\/wp-content\/uploads\/sites\/2\/2024\/09\/CD1001-VPUDHAA14NGP00298-4-20x36.jpg 20w, https:\/\/kes.kubota-eu.com\/agriculture\/wp-content\/uploads\/sites\/2\/2024\/09\/CD1001-VPUDHAA14NGP00298-4-27x48.jpg 27w\" sizes=\"(max-width: 427px) 100vw, 427px\" \/><\/span><\/li>\n<li><span style=\"color: #000000\">Rastrilla pre-rodillo; Rodillo Jaula y Ajuste hidr\u00e1ulico profundidad de trabajo en esta unidad.<\/span><\/li>\n<li><span style=\"color: #000000\">F\u00e1cil sustituci\u00f3n de los cojinetes de los discos. Sin engrasadores.<\/span><\/li>\n<li><span style=\"color: #000000\">M\u00e1xima profundidad de trabajo 15 cm. Y m\u00ednimo bien trabajado 3cm.<\/span><\/li>\n<li><span style=\"color: #000000\">Potencia m\u00e1xima aplicable: 200cv.<\/span><\/li>\n<li><span style=\"color: #000000\">Incluye deflectores laterales.<\/span><\/li>\n<li><span style=\"color: #000000\">Oferta limitada al n\u00famero de serie: VPUDHAA14NGP00298<\/span><\/li>\n<li><span style=\"color: #000000\">Oferta disponible s\u00f3lo para Espa\u00f1a.<\/span><\/li>\n<li><span style=\"color: #000000\">La transacci\u00f3n de venta se realizar\u00e1 a trav\u00e9s del distribuidor Kubota en Espa\u00f1a<\/span><\/li>\n<\/ul>\n<p><span style=\"color: #000000\"><em>***Las im\u00e1genes son meramente ilustrativas y pueden mostrar accesorios no incluidos en la m\u00e1quina***<\/em><\/span>[\/vc_column_text][\/vc_tta_section][\/vc_tta_accordion][vc_column_text]<a href=\"https:\/\/kes.kubota-eu.com\/agriculture\/implementos\/cd1001\/\"><span style=\"border: 1px solid #EF7B12;color: #ef7b12;padding: 7px;font-size: 14px\"><strong>+ Informaci\u00f3n en p\u00e1gina web<\/strong><\/span><\/a>[\/vc_column_text][vc_column_text]<a href=\"#contact-custom-form\"><span style=\"border: 1px solid #EF7B12;color: #ffffff;padding: 7px;background-color: #ef7b12;font-size: 14px\"><strong>Comprar ahora &gt;<\/strong><\/span><\/a>[\/vc_column_text][\/vc_column][\/vc_row]<\/p>\n<\/section>","protected":false},"excerpt":{"rendered":"<p>[vc_row css=\u00bb.vc_custom_1724133768078{margin-right: 5% !important;margin-left: 5% !important;}\u00bb][vc_column width=\u00bb1\/3&#8243;][vc_images_carousel images=\u00bb8424,8426,8428,8430,8432,8434,8436&#8243; img_size=\u00bbfull\u00bb hide_pagination_control=\u00bbyes\u00bb wrap=\u00bbyes\u00bb css=\u00bb.vc_custom_1725267543748{margin-top: 0px !important;margin-bottom: 0px !important;border-top-width: 0px !important;padding-top: 0px !important;padding-bottom: 0px !important;}\u00bb][vc_column_text css=\u00bb.vc_custom_1725441113281{margin-top: 0px !important;margin-bottom: 0px !important;border-top-width: 0px !important;border-bottom-width: 0px !important;padding-top: 0px !important;padding-bottom: 5px !important;}\u00bb]CD2301 Grada r\u00e1pida profesional 3,0m de ancho de trabajo, discos de \u00f8600, rodillo Doble Jaula Fabricaci\u00f3n a\u00f1o 2022 Estrenada Demoagro y[&#8230;]<\/p>\n","protected":false},"author":1,"featured_media":0,"parent":0,"menu_order":0,"comment_status":"closed","ping_status":"closed","template":"","meta":{"footnotes":""},"class_list":["post-8332","page","type-page","status-publish","hentry"],"acf":[],"publishpress_future_action":{"enabled":false,"date":"2026-04-30 13:42:21","action":"draft","terms":[],"taxonomy":"translation_priority"},"_links":{"self":[{"href":"https:\/\/kes.kubota-eu.com\/agriculture\/wp-json\/wp\/v2\/pages\/8332","targetHints":{"allow":["GET"]}}],"collection":[{"href":"https:\/\/kes.kubota-eu.com\/agriculture\/wp-json\/wp\/v2\/pages"}],"about":[{"href":"https:\/\/kes.kubota-eu.com\/agriculture\/wp-json\/wp\/v2\/types\/page"}],"author":[{"embeddable":true,"href":"https:\/\/kes.kubota-eu.com\/agriculture\/wp-json\/wp\/v2\/users\/1"}],"replies":[{"embeddable":true,"href":"https:\/\/kes.kubota-eu.com\/agriculture\/wp-json\/wp\/v2\/comments?post=8332"}],"version-history":[{"count":124,"href":"https:\/\/kes.kubota-eu.com\/agriculture\/wp-json\/wp\/v2\/pages\/8332\/revisions"}],"predecessor-version":[{"id":8941,"href":"https:\/\/kes.kubota-eu.com\/agriculture\/wp-json\/wp\/v2\/pages\/8332\/revisions\/8941"}],"wp:attachment":[{"href":"https:\/\/kes.kubota-eu.com\/agriculture\/wp-json\/wp\/v2\/media?parent=8332"}],"curies":[{"name":"wp","href":"https:\/\/api.w.org\/{rel}","templated":true}]}}