{"id":8636,"date":"2024-11-19T09:01:03","date_gmt":"2024-11-19T09:01:03","guid":{"rendered":"https:\/\/kes.kubota-eu.com\/agriculture\/?page_id=8636"},"modified":"2024-11-19T09:01:13","modified_gmt":"2024-11-19T09:01:13","slug":"kubota-connect","status":"publish","type":"page","link":"https:\/\/kes.kubota-eu.com\/agriculture\/kubota-connect\/","title":{"rendered":"Kubota Connect &#8211; f\u00e1cilmente controlable"},"content":{"rendered":"<section class=\"wpb-content-wrapper\"><p>[vc_row css=\u00bb.vc_custom_1732006780501{margin-right: 5% !important;margin-left: 5% !important;}\u00bb][vc_column][vc_column_text]<\/p>\n<div style=\"font-size: 24px;\"><span style=\"color: #000000;\">Kubota Connect<\/span><\/div>\n<p>&nbsp;<\/p>\n<div style=\"font-size: 18px;\"><span style=\"color: #000000;\"><strong>Controle su tractor a distancia<\/strong><\/span><\/div>\n<div style=\"font-size: 18px;\"><span style=\"color: #000000;\">La soluci\u00f3n Kubota Connect le ayuda a mantener la productividad y a proteger uno de los activos m\u00e1s importantes de su explotaci\u00f3n: Su tractor. La monitorizaci\u00f3n de su(s) tractor(es) a distancia garantiza la eficiencia y la seguridad &#8211; por no hablar de la tranquilidad.<\/span><\/div>\n<div style=\"font-size: 18px;\">\n<p><span style=\"color: #000000;\">Con Kubota Connect puedes monitorizar tus tractores a distancia, programar las revisiones y el mantenimiento m\u00e1s f\u00e1cilmente, prevenir el posible robo de tus m\u00e1quinas y beneficiarte de m\u00e1s funciones \u00fatiles de esta moderna soluci\u00f3n.<\/span><\/p>\n<div style=\"font-size: 18px;\">\n<p><span style=\"color: #000000;\">\u00bfDesea un m\u00e1ximo control de su tractor incluso a distancia? En ese caso, Kubota Connect es la soluci\u00f3n perfecta para ti.<\/span><\/p>\n<div style=\"font-size: 18px;\">\n<p><span style=\"color: #000000;\"><strong>Esto es lo que le ofrece Kubota Connect:<\/strong><\/span><\/p>\n<ul>\n<li><span style=\"color: #000000;\">Acceso centralizado con un solo inicio de sesi\u00f3n<\/span><\/li>\n<li><span style=\"color: #000000;\">Monitorizaci\u00f3n del tractor tambi\u00e9n desde el m\u00f3vil<\/span><\/li>\n<li><span style=\"color: #000000;\">Avisos de mantenimiento<\/span><\/li>\n<li><span style=\"color: #000000;\">Respuesta m\u00e1s r\u00e1pida en caso de robo<\/span><\/li>\n<\/ul>\n<div style=\"font-size: 18px;\"><span style=\"color: #000000;\"><strong>Acceso centralizado<\/strong><\/span><\/div>\n<div style=\"font-size: 18px;\"><span style=\"color: #000000;\">La soluci\u00f3n telem\u00e1tica Kubota Connect permite la supervisi\u00f3n remota fiable de uno o varios tractores, incluso en movilidad.<\/span><\/div>\n<\/div>\n<\/div>\n<\/div>\n<p>[\/vc_column_text][vc_video link=\u00bbhttps:\/\/youtu.be\/2Dtmvu9UoVk\u00bb][\/vc_column][\/vc_row]<\/p>\n<\/section>","protected":false},"excerpt":{"rendered":"<p>[vc_row css=\u00bb.vc_custom_1732006780501{margin-right: 5% !important;margin-left: 5% !important;}\u00bb][vc_column][vc_column_text] Kubota Connect &nbsp; Controle su tractor a distancia La soluci\u00f3n Kubota Connect le ayuda a mantener la productividad y a proteger uno de los activos m\u00e1s importantes de su explotaci\u00f3n: Su tractor. La monitorizaci\u00f3n de su(s) tractor(es) a distancia garantiza la eficiencia y la seguridad &#8211; por no hablar[&#8230;]<\/p>\n","protected":false},"author":1,"featured_media":0,"parent":0,"menu_order":0,"comment_status":"closed","ping_status":"closed","template":"","meta":{"footnotes":""},"class_list":["post-8636","page","type-page","status-publish","hentry"],"acf":[],"publishpress_future_action":{"enabled":false,"date":"2026-04-18 15:09:01","action":"draft","terms":[],"taxonomy":"translation_priority"},"_links":{"self":[{"href":"https:\/\/kes.kubota-eu.com\/agriculture\/wp-json\/wp\/v2\/pages\/8636","targetHints":{"allow":["GET"]}}],"collection":[{"href":"https:\/\/kes.kubota-eu.com\/agriculture\/wp-json\/wp\/v2\/pages"}],"about":[{"href":"https:\/\/kes.kubota-eu.com\/agriculture\/wp-json\/wp\/v2\/types\/page"}],"author":[{"embeddable":true,"href":"https:\/\/kes.kubota-eu.com\/agriculture\/wp-json\/wp\/v2\/users\/1"}],"replies":[{"embeddable":true,"href":"https:\/\/kes.kubota-eu.com\/agriculture\/wp-json\/wp\/v2\/comments?post=8636"}],"version-history":[{"count":3,"href":"https:\/\/kes.kubota-eu.com\/agriculture\/wp-json\/wp\/v2\/pages\/8636\/revisions"}],"predecessor-version":[{"id":8639,"href":"https:\/\/kes.kubota-eu.com\/agriculture\/wp-json\/wp\/v2\/pages\/8636\/revisions\/8639"}],"wp:attachment":[{"href":"https:\/\/kes.kubota-eu.com\/agriculture\/wp-json\/wp\/v2\/media?parent=8636"}],"curies":[{"name":"wp","href":"https:\/\/api.w.org\/{rel}","templated":true}]}}